{"id":2616,"date":"2023-01-31T11:11:09","date_gmt":"2023-01-31T11:11:09","guid":{"rendered":"https:\/\/www.pignathof.com\/impressum\/"},"modified":"2024-09-16T12:38:48","modified_gmt":"2024-09-16T12:38:48","slug":"colophon","status":"publish","type":"page","link":"https:\/\/www.pignathof.com\/it\/colophon\/","title":{"rendered":"Colophon"},"content":{"rendered":"\t\t<div data-elementor-type=\"wp-page\" data-elementor-id=\"2616\" class=\"elementor elementor-2616 elementor-1789\" data-elementor-post-type=\"page\">\n\t\t\t\t\t\t<section class=\"ob-is-breaking-bad elementor-section elementor-top-section elementor-element elementor-element-286ff10 elementor-section-full_width elementor-section-height-default elementor-section-height-default\" data-id=\"286ff10\" data-element_type=\"section\" data-settings=\"{&quot;_ob_bbad_use_it&quot;:&quot;yes&quot;,&quot;_ob_bbad_sssic_use&quot;:&quot;no&quot;,&quot;_ob_glider_is_slider&quot;:&quot;no&quot;}\">\n\t\t\t\t\t\t<div class=\"elementor-container elementor-column-gap-no\">\n\t\t\t\t\t<div class=\"elementor-column elementor-col-100 elementor-top-column elementor-element elementor-element-0b979da\" data-id=\"0b979da\" data-element_type=\"column\" data-settings=\"{&quot;_ob_bbad_is_stalker&quot;:&quot;no&quot;,&quot;_ob_teleporter_use&quot;:false,&quot;_ob_column_hoveranimator&quot;:&quot;no&quot;,&quot;_ob_column_has_pseudo&quot;:&quot;no&quot;}\">\n\t\t\t<div class=\"elementor-widget-wrap elementor-element-populated\">\n\t\t\t\t\t\t<div class=\"elementor-element elementor-element-4736035 elementor--h-position-center elementor--v-position-middle elementor-arrows-position-inside elementor-pagination-position-inside ob-has-background-overlay elementor-widget elementor-widget-slides\" data-id=\"4736035\" data-element_type=\"widget\" data-settings=\"{&quot;navigation&quot;:&quot;both&quot;,&quot;autoplay&quot;:&quot;yes&quot;,&quot;pause_on_hover&quot;:&quot;yes&quot;,&quot;pause_on_interaction&quot;:&quot;yes&quot;,&quot;autoplay_speed&quot;:5000,&quot;infinite&quot;:&quot;yes&quot;,&quot;transition&quot;:&quot;slide&quot;,&quot;transition_speed&quot;:500,&quot;_ob_perspektive_use&quot;:&quot;no&quot;,&quot;_ob_poopart_use&quot;:&quot;yes&quot;,&quot;_ob_shadough_use&quot;:&quot;no&quot;,&quot;_ob_allow_hoveranimator&quot;:&quot;no&quot;,&quot;_ob_widget_stalker_use&quot;:&quot;no&quot;}\" data-widget_type=\"slides.default\">\n\t\t\t\t<div class=\"elementor-widget-container\">\n\t\t\t<style>.elementor-slides .swiper-slide-bg{background-size:cover;background-position:50%;background-repeat:no-repeat;min-width:100%;min-height:100%}.elementor-slides .swiper-slide-inner{background-repeat:no-repeat;background-position:50%;position:absolute;top:0;left:0;bottom:0;right:0;padding:50px;margin:auto}.elementor-slides .swiper-slide-inner,.elementor-slides .swiper-slide-inner:hover{color:#fff;display:flex}.elementor-slides .swiper-slide-inner .elementor-background-overlay{position:absolute;z-index:0;top:0;bottom:0;left:0;right:0}.elementor-slides .swiper-slide-inner .elementor-slide-content{position:relative;z-index:1;width:100%}.elementor-slides .swiper-slide-inner .elementor-slide-heading{font-size:35px;font-weight:700;line-height:1}.elementor-slides .swiper-slide-inner .elementor-slide-description{font-size:17px;line-height:1.4}.elementor-slides .swiper-slide-inner .elementor-slide-description:not(:last-child),.elementor-slides .swiper-slide-inner .elementor-slide-heading:not(:last-child){margin-bottom:30px}.elementor-slides .swiper-slide-inner .elementor-slide-button{border:2px solid #fff;color:#fff;background:transparent;display:inline-block}.elementor-slides .swiper-slide-inner .elementor-slide-button,.elementor-slides .swiper-slide-inner .elementor-slide-button:hover{background:transparent;color:inherit;text-decoration:none}.elementor--v-position-top .swiper-slide-inner{align-items:flex-start}.elementor--v-position-bottom .swiper-slide-inner{align-items:flex-end}.elementor--v-position-middle .swiper-slide-inner{align-items:center}.elementor--h-position-left .swiper-slide-inner{justify-content:flex-start}.elementor--h-position-right .swiper-slide-inner{justify-content:flex-end}.elementor--h-position-center .swiper-slide-inner{justify-content:center}body.rtl .elementor-widget-slides .elementor-swiper-button-next{left:10px;right:auto}body.rtl .elementor-widget-slides .elementor-swiper-button-prev{right:10px;left:auto}.elementor-slides-wrapper div:not(.swiper-slide)>.swiper-slide-inner{display:none}@media (max-width:767px){.elementor-slides .swiper-slide-inner{padding:30px}.elementor-slides .swiper-slide-inner .elementor-slide-heading{font-size:23px;line-height:1;margin-bottom:15px}.elementor-slides .swiper-slide-inner .elementor-slide-description{font-size:13px;line-height:1.4;margin-bottom:15px}}<\/style>\t\t<div class=\"elementor-swiper\">\n\t\t\t<div class=\"elementor-slides-wrapper elementor-main-swiper swiper\" dir=\"ltr\" data-animation=\"fadeInUp\">\n\t\t\t\t<div class=\"swiper-wrapper elementor-slides\">\n\t\t\t\t\t\t\t\t\t\t<div class=\"elementor-repeater-item-8076864 swiper-slide\"><div class=\"swiper-slide-bg\" role=\"img\"><\/div><div class=\"swiper-slide-inner\" ><div class=\"swiper-slide-contents\"><\/div><\/div><\/div>\t\t\t\t<\/div>\n\t\t\t\t\t\t\t<\/div>\n\t\t<\/div>\n\t\t\t\t<\/div>\n\t\t\t\t<\/div>\n\t\t\t\t\t<\/div>\n\t\t<\/div>\n\t\t\t\t\t<\/div>\n\t\t<\/section>\n\t\t\t\t<section class=\"ob-is-breaking-bad elementor-section elementor-top-section elementor-element elementor-element-2130a59 elementor-section-content-middle elementor-section-boxed elementor-section-height-default elementor-section-height-default\" data-id=\"2130a59\" data-element_type=\"section\" data-settings=\"{&quot;_ob_bbad_use_it&quot;:&quot;yes&quot;,&quot;_ob_bbad_sssic_use&quot;:&quot;no&quot;,&quot;_ob_glider_is_slider&quot;:&quot;no&quot;}\">\n\t\t\t\t\t\t<div class=\"elementor-container elementor-column-gap-default\">\n\t\t\t\t\t<div class=\"elementor-column elementor-col-100 elementor-top-column elementor-element elementor-element-04c265f\" data-id=\"04c265f\" data-element_type=\"column\" data-settings=\"{&quot;_ob_bbad_is_stalker&quot;:&quot;no&quot;,&quot;_ob_teleporter_use&quot;:false,&quot;_ob_column_hoveranimator&quot;:&quot;no&quot;,&quot;_ob_column_has_pseudo&quot;:&quot;no&quot;}\">\n\t\t\t<div class=\"elementor-widget-wrap elementor-element-populated\">\n\t\t\t\t\t\t<div class=\"elementor-element elementor-element-6967822 elementor-align-center circle ob-has-background-overlay elementor-widget elementor-widget-button\" data-id=\"6967822\" data-element_type=\"widget\" data-settings=\"{&quot;_ob_butterbutton_use_it&quot;:&quot;no&quot;,&quot;_ob_perspektive_use&quot;:&quot;no&quot;,&quot;_ob_poopart_use&quot;:&quot;yes&quot;,&quot;_ob_shadough_use&quot;:&quot;no&quot;,&quot;_ob_allow_hoveranimator&quot;:&quot;no&quot;,&quot;_ob_widget_stalker_use&quot;:&quot;no&quot;}\" data-widget_type=\"button.default\">\n\t\t\t\t<div class=\"elementor-widget-container\">\n\t\t\t\t\t<div class=\"elementor-button-wrapper\">\n\t\t\t<a class=\"elementor-button elementor-button-link elementor-size-sm\" href=\"#elementor-action%3Aaction%3Dpopup%3Aopen%26settings%3DeyJpZCI6MjYxNSwidG9nZ2xlIjpmYWxzZX0%3D\">\n\t\t\t\t\t\t<span class=\"elementor-button-content-wrapper\">\n\t\t\t\t\t\t\t\t\t<span class=\"elementor-button-text\">richiedi<br>e prenota<\/span>\n\t\t\t\t\t<\/span>\n\t\t\t\t\t<\/a>\n\t\t<\/div>\n\t\t\t\t<\/div>\n\t\t\t\t<\/div>\n\t\t\t\t\t<\/div>\n\t\t<\/div>\n\t\t\t\t\t<\/div>\n\t\t<\/section>\n\t\t\t\t<section class=\"ob-is-breaking-bad elementor-section elementor-top-section elementor-element elementor-element-b70dc9e elementor-section-boxed elementor-section-height-default elementor-section-height-default\" data-id=\"b70dc9e\" data-element_type=\"section\" data-settings=\"{&quot;_ob_bbad_use_it&quot;:&quot;yes&quot;,&quot;_ob_bbad_sssic_use&quot;:&quot;no&quot;,&quot;_ob_glider_is_slider&quot;:&quot;no&quot;}\">\n\t\t\t\t\t\t<div class=\"elementor-container elementor-column-gap-default\">\n\t\t\t\t\t<div class=\"elementor-column elementor-col-100 elementor-top-column elementor-element elementor-element-f2d0570\" data-id=\"f2d0570\" data-element_type=\"column\" data-settings=\"{&quot;_ob_bbad_is_stalker&quot;:&quot;no&quot;,&quot;_ob_teleporter_use&quot;:false,&quot;_ob_column_hoveranimator&quot;:&quot;no&quot;,&quot;_ob_column_has_pseudo&quot;:&quot;no&quot;}\">\n\t\t\t<div class=\"elementor-widget-wrap elementor-element-populated\">\n\t\t\t\t\t\t<div class=\"elementor-element elementor-element-c813e9c ob-harakiri-inherit ob-has-background-overlay elementor-widget elementor-widget-heading\" data-id=\"c813e9c\" data-element_type=\"widget\" data-settings=\"{&quot;_ob_use_harakiri&quot;:&quot;yes&quot;,&quot;_ob_harakiri_writing_mode&quot;:&quot;inherit&quot;,&quot;_ob_harakiri_text_clip&quot;:&quot;none&quot;,&quot;_ob_perspektive_use&quot;:&quot;no&quot;,&quot;_ob_poopart_use&quot;:&quot;yes&quot;,&quot;_ob_shadough_use&quot;:&quot;no&quot;,&quot;_ob_allow_hoveranimator&quot;:&quot;no&quot;,&quot;_ob_widget_stalker_use&quot;:&quot;no&quot;}\" data-widget_type=\"heading.default\">\n\t\t\t\t<div class=\"elementor-widget-container\">\n\t\t\t<style>\/*! elementor - v3.21.0 - 18-04-2024 *\/\n.elementor-heading-title{padding:0;margin:0;line-height:1}.elementor-widget-heading .elementor-heading-title[class*=elementor-size-]>a{color:inherit;font-size:inherit;line-height:inherit}.elementor-widget-heading .elementor-heading-title.elementor-size-small{font-size:15px}.elementor-widget-heading .elementor-heading-title.elementor-size-medium{font-size:19px}.elementor-widget-heading .elementor-heading-title.elementor-size-large{font-size:29px}.elementor-widget-heading .elementor-heading-title.elementor-size-xl{font-size:39px}.elementor-widget-heading .elementor-heading-title.elementor-size-xxl{font-size:59px}<\/style><h1 class=\"elementor-heading-title elementor-size-default\">Colophon<\/h1>\t\t<\/div>\n\t\t\t\t<\/div>\n\t\t\t\t<div class=\"elementor-element elementor-element-712a6c8 ob-harakiri-inherit ob-has-background-overlay elementor-widget elementor-widget-text-editor\" data-id=\"712a6c8\" data-element_type=\"widget\" data-settings=\"{&quot;_ob_use_harakiri&quot;:&quot;yes&quot;,&quot;_ob_harakiri_writing_mode&quot;:&quot;inherit&quot;,&quot;_ob_postman_use&quot;:&quot;no&quot;,&quot;_ob_perspektive_use&quot;:&quot;no&quot;,&quot;_ob_poopart_use&quot;:&quot;yes&quot;,&quot;_ob_shadough_use&quot;:&quot;no&quot;,&quot;_ob_allow_hoveranimator&quot;:&quot;no&quot;,&quot;_ob_widget_stalker_use&quot;:&quot;no&quot;}\" data-widget_type=\"text-editor.default\">\n\t\t\t\t<div class=\"elementor-widget-container\">\n\t\t\t<style>\/*! elementor - v3.21.0 - 18-04-2024 *\/\n.elementor-widget-text-editor.elementor-drop-cap-view-stacked .elementor-drop-cap{background-color:#69727d;color:#fff}.elementor-widget-text-editor.elementor-drop-cap-view-framed .elementor-drop-cap{color:#69727d;border:3px solid;background-color:transparent}.elementor-widget-text-editor:not(.elementor-drop-cap-view-default) .elementor-drop-cap{margin-top:8px}.elementor-widget-text-editor:not(.elementor-drop-cap-view-default) .elementor-drop-cap-letter{width:1em;height:1em}.elementor-widget-text-editor .elementor-drop-cap{float:left;text-align:center;line-height:1;font-size:50px}.elementor-widget-text-editor .elementor-drop-cap-letter{display:inline-block}<\/style>\t\t\t\t<p><strong>Colophon<\/strong><\/p><p><strong>Pignathof<\/strong><br \/>Weinbergweg 10<\/p><p>39054 Ritten, Atzwang<\/p><p><a href=\"tel:393492579267\">+39 3492579267<\/a><\/p><p><a title=\"info@pignathof.com\" href=\"mailto:info@pignathof.com\" rel=\"\">info@pignathof.com<\/a><\/p><p><a href=\"mailto:georg.mayr3@pec.sbb.it\">georg.mayr3@pec.sbb.it<\/a><\/p><p>Codice Destinatario: 7035UR5<\/p><p><a href=\"http:\/\/www.pignathof.com\" rel=\"\">www.pignathof.com<\/a><\/p><p>P. IVA 02633270216<br \/>Cod. Fisc. MYRGRG83D11A952B<\/p><p>Camera di commercio: Bolzano<\/p><p>Numero iscrizione camera di commercio: MYRGRG83D11A952B<\/p><p>Numero REA: BZ194638<\/p><p>Numero CIN: IT021072B55GAZGVVL<\/p><p><strong>\u00a0<\/strong><\/p><p><strong>Copyright per le immagini e grafiche utilizzate:<\/strong><\/p><p>Tourismus Ritten\/Achim Meurer<\/p><p>IDM S\u00fcdtirol-Alto Adige\/Andreas Mierswa<\/p><p>IDM S\u00fcdtirol-Alto Adige\/Damian Pertoll<\/p><p>IDM S\u00fcdtirol-Alto Adige\/Alex Moling<\/p><p>IDM S\u00fcdtirol-Alto Adige\/trikytine<\/p><p>IDM S\u00fcdtirol-Alto Adige\/Frieder Blickle<\/p><p>IDM S\u00fcdtirol-Alto Adige\/Manuel Ferrigato<\/p><p>IDM S\u00fcdtirol-Alto Adige\/Marco Parisi<\/p><p>IDM S\u00fcdtirol-Alto Adige\/Manuel Kottersteger<\/p><p>IDM S\u00fcdtirol-Alto Adige\/Florian Andergassen<\/p><p>IDM S\u00fcdtirol-Alto Adige\/Daniel Geiger<\/p><p>IDM S\u00fcdtirol-Alto Adige\/Angelika Schwarz<\/p><p>IDM S\u00fcdtirol-Alto Adige\/Alex Filz<\/p><p>IDM S\u00fcdtirol-Alto Adige\/Manuel Kottersteger<\/p><p>IDM S\u00fcdtirol-Alto Adige\/Tobias Kaser<\/p><p>IDM S\u00fcdtirol-Alto Adige\/Tiberio Sorvillo<\/p><p>IDM S\u00fcdtirol-Alto Adige\/Andreas Mierswa<\/p><p>IDM S\u00fcdtirol-Alto Adige\/Harald Wisthaler<\/p><p>IDM S\u00fcdtirol-Alto Adige\/Patrick Schwienbacher<\/p><p>IDM S\u00fcdtirol-Alto Adige\/Matt Cherubino<\/p><p><a href=\"https:\/\/www.freepik.com\/author\/prostooleh\">https:\/\/www.freepik.com\/author\/prostooleh<\/a><\/p><p><strong>Risoluzione delle controversie<\/strong><\/p><p>Informazioni obbligatorie ai sensi del Regolamento UE n. 524\/2013 del Parlamento e Consiglio europeo. Piattaforma per la risoluzione online delle controversie (ODR) della Commissione europea: <a href=\"https:\/\/ec.europa.eu\/consumers\/odr\/main\/?event=main.trader.register\">https:\/\/ec.europa.eu\/consumers\/odr\/main\/?event=main.trader.register<\/a><\/p><p><strong>Concetto e realizzazione<\/strong><\/p><p>muwit d. sandra stablum<\/p><p>Citt\u00e1 Alta 60<\/p><p>39043 Chiusa<\/p><p>Tel. +39 347 1330206<\/p><p>Part. IVA 02730810211<br \/>Cod. fisc. STB SDR 88 A44 B160 S<\/p><p><a href=\"mailto:info@muwit.it\">info@muwit.it<\/a><\/p><p><a href=\"http:\/\/www.muwit.it\/\">www.muwit.it<\/a><\/p><p><strong>Responsabile per il contenuto:<\/strong><\/p><p>Bettina Conci<\/p><p><strong>Dichiarazione liberatoria:<\/strong><\/p><p><strong>Responsabilit\u00e0 per i contenuti<\/strong><\/p><p>I contenuti delle nostre pagine sono stati redatti, elaborati e controllati scrupolosamente. Tuttavia, non ci assumiamo nessuna responsabilit\u00e0 per la correttezza, qualit\u00e0, completezza e attualit\u00e0 dei contenuti, poich\u00e9 non \u00e8 da escludere che siano cambiati nel tempo. Come prestatori di servizi siamo responsabili per i contenuti di queste pagine in base alla normativa vigente. Nella nostra qualit\u00e0 di prestatori di servizi non siamo per\u00f2 obbligati a controllare l\u2019esattezza di informazioni ricevute o salvate da terzi, o a controllare se sussistano irregolarit\u00e0 che indichino un\u2019attivit\u00e0 illegale. L\u2019obbligo di rimuovere o bloccare l\u2019utilizzo di informazioni secondo la normativa vigente rimane valido. L\u2019assunzione di tale responsabilit\u00e0 \u00e8 tuttavia possibile solamente dopo il momento dell\u2019effettivo riconoscimento da parte nostra di una concreta violazione di diritto. Alla presa d\u2019atto di tali violazioni di legge provvederemo immediatamente alla rimozione dei contenuti in questione.<\/p><p>Si escludono di principio le rivendicazioni di responsabilit\u00e0 di qualsiasi tipo causate dall\u2019utilizzo di informazioni messe a disposizione, oppure da informazioni errate e\/o incomplete.<\/p><p><strong>Responsabilit\u00e0 per i link<\/strong><\/p><p>La nostra offerta contiene dei collegamenti ipertestuali con siti web esterni di terzi, sui cui contenuti non possiamo influire. Per questo motivo non forniamo nessuna garanzia sui contenuti dei siti web linkati, indipendentemente dal tipo e dalla natura. Ne \u00e8 responsabile solamente il relativo proprietario o gestore del sito. Un controllo permanente dei contenuti dei siti linkati al presente non \u00e8 fattibile senza concreti punti di riferimento. All\u2019avvenuta conoscenza d\u2019infrazioni contro la legge causate dai siti web linkati, i link in questione saranno subito rimossi.<\/p><p><strong>Copyright<\/strong><\/p><p>Tutti i contenuti e le opere creati dal web designer e dai gestori del sito sono protetti da copyright. La riproduzione, l\u2019alterazione, la distribuzione e qualsiasi forma di utilizzo, soprattutto per scopi commerciali, al di fuori dei limiti del diritto d\u2019autore, sono severamente vietate e ammesse esclusivamente previa autorizzazione scritta del relativo autore o creatore. Nel caso i contenuti di questa pagina non siano stati creati dal gestore, sono da rispettare i diritti di copyright di terzi. I contenuti redatti da terzi sono contrassegnati come tali. In caso doveste notare una violazione del copyright, vi preghiamo gentilmente di farci pervenire un\u2019apposita segnalazione. All\u2019atto di presa di conoscenza di tali violazioni di legge, i contenuti in questione saranno naturalmente rimossi subito, senza per\u00f2 assumerne nessuna responsabilit\u00e0.<\/p>\t\t\t\t\t\t<\/div>\n\t\t\t\t<\/div>\n\t\t\t\t\t<\/div>\n\t\t<\/div>\n\t\t\t\t\t<\/div>\n\t\t<\/section>\n\t\t\t\t<\/div>\n\t\t","protected":false},"excerpt":{"rendered":"<p>richiedie prenota Colophon Colophon PignathofWeinbergweg 10 39054 Ritten, Atzwang +39 3492579267 info@pignathof.com georg.mayr3@pec.sbb.it Codice Destinatario: 7035UR5 www.pignathof.com P. IVA 02633270216Cod. Fisc. MYRGRG83D11A952B Camera di commercio: Bolzano Numero iscrizione camera di commercio: MYRGRG83D11A952B Numero REA: BZ194638 Numero CIN: IT021072B55GAZGVVL \u00a0 Copyright per le immagini e grafiche utilizzate: Tourismus Ritten\/Achim Meurer IDM S\u00fcdtirol-Alto Adige\/Andreas Mierswa IDM S\u00fcdtirol-Alto [&hellip;]<\/p>\n","protected":false},"author":1,"featured_media":0,"parent":0,"menu_order":0,"comment_status":"closed","ping_status":"closed","template":"","meta":{"footnotes":""},"yoast_head":"<!-- This site is optimized with the Yoast SEO plugin v22.5 - https:\/\/yoast.com\/wordpress\/plugins\/seo\/ -->\n<title>Colophon - pignathof<\/title>\n<meta name=\"description\" content=\"Ferie sul maso Pignathof\" \/>\n<meta name=\"robots\" content=\"index, follow, max-snippet:-1, max-image-preview:large, max-video-preview:-1\" \/>\n<link rel=\"canonical\" href=\"https:\/\/www.pignathof.com\/it\/colophon\/\" \/>\n<meta property=\"og:locale\" content=\"it_IT\" \/>\n<meta property=\"og:type\" content=\"article\" \/>\n<meta property=\"og:title\" content=\"Colophon - pignathof\" \/>\n<meta property=\"og:description\" content=\"Ferie sul maso Pignathof\" \/>\n<meta property=\"og:url\" content=\"https:\/\/www.pignathof.com\/it\/colophon\/\" \/>\n<meta property=\"og:site_name\" content=\"pignathof\" \/>\n<meta property=\"article:modified_time\" content=\"2024-09-16T12:38:48+00:00\" \/>\n<meta name=\"twitter:card\" content=\"summary_large_image\" \/>\n<meta name=\"twitter:label1\" content=\"Tempo di lettura stimato\" \/>\n\t<meta name=\"twitter:data1\" content=\"4 minuti\" \/>\n<script type=\"application\/ld+json\" class=\"yoast-schema-graph\">{\"@context\":\"https:\/\/schema.org\",\"@graph\":[{\"@type\":\"WebPage\",\"@id\":\"https:\/\/www.pignathof.com\/it\/colophon\/\",\"url\":\"https:\/\/www.pignathof.com\/it\/colophon\/\",\"name\":\"Colophon - pignathof\",\"isPartOf\":{\"@id\":\"https:\/\/www.pignathof.com\/#website\"},\"datePublished\":\"2023-01-31T11:11:09+00:00\",\"dateModified\":\"2024-09-16T12:38:48+00:00\",\"description\":\"Ferie sul maso Pignathof\",\"breadcrumb\":{\"@id\":\"https:\/\/www.pignathof.com\/it\/colophon\/#breadcrumb\"},\"inLanguage\":\"it-IT\",\"potentialAction\":[{\"@type\":\"ReadAction\",\"target\":[\"https:\/\/www.pignathof.com\/it\/colophon\/\"]}]},{\"@type\":\"BreadcrumbList\",\"@id\":\"https:\/\/www.pignathof.com\/it\/colophon\/#breadcrumb\",\"itemListElement\":[{\"@type\":\"ListItem\",\"position\":1,\"name\":\"Startseite\",\"item\":\"https:\/\/www.pignathof.com\/it\/urlaub-weingut-suedtirol\/\"},{\"@type\":\"ListItem\",\"position\":2,\"name\":\"Colophon\"}]},{\"@type\":\"WebSite\",\"@id\":\"https:\/\/www.pignathof.com\/#website\",\"url\":\"https:\/\/www.pignathof.com\/\",\"name\":\"pignathof\",\"description\":\"Wir vom Pignathof\",\"publisher\":{\"@id\":\"https:\/\/www.pignathof.com\/#organization\"},\"potentialAction\":[{\"@type\":\"SearchAction\",\"target\":{\"@type\":\"EntryPoint\",\"urlTemplate\":\"https:\/\/www.pignathof.com\/?s={search_term_string}\"},\"query-input\":\"required name=search_term_string\"}],\"inLanguage\":\"it-IT\"},{\"@type\":\"Organization\",\"@id\":\"https:\/\/www.pignathof.com\/#organization\",\"name\":\"pignathof\",\"url\":\"https:\/\/www.pignathof.com\/\",\"logo\":{\"@type\":\"ImageObject\",\"inLanguage\":\"it-IT\",\"@id\":\"https:\/\/www.pignathof.com\/#\/schema\/logo\/image\/\",\"url\":\"https:\/\/www.pignathof.com\/wp-content\/uploads\/2023\/03\/DSC_9646-1.jpg\",\"contentUrl\":\"https:\/\/www.pignathof.com\/wp-content\/uploads\/2023\/03\/DSC_9646-1.jpg\",\"width\":220,\"height\":220,\"caption\":\"pignathof\"},\"image\":{\"@id\":\"https:\/\/www.pignathof.com\/#\/schema\/logo\/image\/\"}}]}<\/script>\n<!-- \/ Yoast SEO plugin. -->","yoast_head_json":{"title":"Colophon - pignathof","description":"Ferie sul maso Pignathof","robots":{"index":"index","follow":"follow","max-snippet":"max-snippet:-1","max-image-preview":"max-image-preview:large","max-video-preview":"max-video-preview:-1"},"canonical":"https:\/\/www.pignathof.com\/it\/colophon\/","og_locale":"it_IT","og_type":"article","og_title":"Colophon - pignathof","og_description":"Ferie sul maso Pignathof","og_url":"https:\/\/www.pignathof.com\/it\/colophon\/","og_site_name":"pignathof","article_modified_time":"2024-09-16T12:38:48+00:00","twitter_card":"summary_large_image","twitter_misc":{"Tempo di lettura stimato":"4 minuti"},"schema":{"@context":"https:\/\/schema.org","@graph":[{"@type":"WebPage","@id":"https:\/\/www.pignathof.com\/it\/colophon\/","url":"https:\/\/www.pignathof.com\/it\/colophon\/","name":"Colophon - pignathof","isPartOf":{"@id":"https:\/\/www.pignathof.com\/#website"},"datePublished":"2023-01-31T11:11:09+00:00","dateModified":"2024-09-16T12:38:48+00:00","description":"Ferie sul maso Pignathof","breadcrumb":{"@id":"https:\/\/www.pignathof.com\/it\/colophon\/#breadcrumb"},"inLanguage":"it-IT","potentialAction":[{"@type":"ReadAction","target":["https:\/\/www.pignathof.com\/it\/colophon\/"]}]},{"@type":"BreadcrumbList","@id":"https:\/\/www.pignathof.com\/it\/colophon\/#breadcrumb","itemListElement":[{"@type":"ListItem","position":1,"name":"Startseite","item":"https:\/\/www.pignathof.com\/it\/urlaub-weingut-suedtirol\/"},{"@type":"ListItem","position":2,"name":"Colophon"}]},{"@type":"WebSite","@id":"https:\/\/www.pignathof.com\/#website","url":"https:\/\/www.pignathof.com\/","name":"pignathof","description":"Wir vom Pignathof","publisher":{"@id":"https:\/\/www.pignathof.com\/#organization"},"potentialAction":[{"@type":"SearchAction","target":{"@type":"EntryPoint","urlTemplate":"https:\/\/www.pignathof.com\/?s={search_term_string}"},"query-input":"required name=search_term_string"}],"inLanguage":"it-IT"},{"@type":"Organization","@id":"https:\/\/www.pignathof.com\/#organization","name":"pignathof","url":"https:\/\/www.pignathof.com\/","logo":{"@type":"ImageObject","inLanguage":"it-IT","@id":"https:\/\/www.pignathof.com\/#\/schema\/logo\/image\/","url":"https:\/\/www.pignathof.com\/wp-content\/uploads\/2023\/03\/DSC_9646-1.jpg","contentUrl":"https:\/\/www.pignathof.com\/wp-content\/uploads\/2023\/03\/DSC_9646-1.jpg","width":220,"height":220,"caption":"pignathof"},"image":{"@id":"https:\/\/www.pignathof.com\/#\/schema\/logo\/image\/"}}]}},"_links":{"self":[{"href":"https:\/\/www.pignathof.com\/it\/wp-json\/wp\/v2\/pages\/2616"}],"collection":[{"href":"https:\/\/www.pignathof.com\/it\/wp-json\/wp\/v2\/pages"}],"about":[{"href":"https:\/\/www.pignathof.com\/it\/wp-json\/wp\/v2\/types\/page"}],"author":[{"embeddable":true,"href":"https:\/\/www.pignathof.com\/it\/wp-json\/wp\/v2\/users\/1"}],"replies":[{"embeddable":true,"href":"https:\/\/www.pignathof.com\/it\/wp-json\/wp\/v2\/comments?post=2616"}],"version-history":[{"count":31,"href":"https:\/\/www.pignathof.com\/it\/wp-json\/wp\/v2\/pages\/2616\/revisions"}],"predecessor-version":[{"id":3992,"href":"https:\/\/www.pignathof.com\/it\/wp-json\/wp\/v2\/pages\/2616\/revisions\/3992"}],"wp:attachment":[{"href":"https:\/\/www.pignathof.com\/it\/wp-json\/wp\/v2\/media?parent=2616"}],"curies":[{"name":"wp","href":"https:\/\/api.w.org\/{rel}","templated":true}]}}